{"id":8555,"date":"2024-12-06T08:52:32","date_gmt":"2024-12-06T07:52:32","guid":{"rendered":"https:\/\/stage.escowa.se\/miljo\/"},"modified":"2025-06-09T11:08:07","modified_gmt":"2025-06-09T10:08:07","slug":"environment","status":"publish","type":"page","link":"https:\/\/stage.escowa.se\/en\/about_us\/environment\/","title":{"rendered":"Environment"},"content":{"rendered":"<section class=\"l-section wpb_row height_small\"><div class=\"l-section-h i-cf\"><div class=\"g-cols vc_row via_flex valign_top type_default stacking_default\"><div class=\"vc_col-sm-12 wpb_column vc_column_container\"><div class=\"vc_column-inner\"><div class=\"wpb_wrapper\"><div class=\"w-image align_none\"><div class=\"w-image-h\"><img decoding=\"async\" width=\"872\" height=\"425\" src=\"https:\/\/stage.escowa.se\/wp-content\/uploads\/2018\/12\/content-spring-leaves.jpg\" class=\"attachment-full size-full\" alt=\"Gr\u00f6na l\u00f6v p\u00e5 tr\u00e4dgren\" loading=\"lazy\" srcset=\"https:\/\/stage.escowa.se\/wp-content\/uploads\/2018\/12\/content-spring-leaves.jpg 872w, https:\/\/stage.escowa.se\/wp-content\/uploads\/2018\/12\/content-spring-leaves-431x210.jpg 431w, https:\/\/stage.escowa.se\/wp-content\/uploads\/2018\/12\/content-spring-leaves-300x146.jpg 300w, https:\/\/stage.escowa.se\/wp-content\/uploads\/2018\/12\/content-spring-leaves-200x97.jpg 200w, https:\/\/stage.escowa.se\/wp-content\/uploads\/2018\/12\/content-spring-leaves-600x292.jpg 600w, https:\/\/stage.escowa.se\/wp-content\/uploads\/2018\/12\/content-spring-leaves-768x374.jpg 768w\" sizes=\"auto, (max-width: 872px) 100vw, 872px\" \/><\/div><\/div><\/div><\/div><\/div><\/div><\/div><\/section><section class=\"l-section wpb_row height_small\"><div class=\"l-section-h i-cf\"><div class=\"g-cols vc_row via_flex valign_top type_default stacking_default\"><div class=\"vc_col-sm-12 wpb_column vc_column_container\"><div class=\"vc_column-inner\"><div class=\"wpb_wrapper\"><div class=\"wpb_text_column\"><div class=\"wpb_wrapper\"><h1>Escowa and the Environment<\/h1>\n<p data-start=\"32\" data-end=\"220\">With a dedicated environmental commitment, we continuously strive to improve our routines and invest in the future by incorporating environmental thinking at every stage of our production.<\/p>\n<p data-start=\"222\" data-end=\"413\">We make use of consolidated shipping between our various suppliers whenever possible, and we handle a large portion of the assembly at a single location to avoid unnecessary carbon emissions.<\/p>\n<p data-start=\"415\" data-end=\"782\">Escowa\u2019s business concept is also fundamentally a strong commitment to environmental issues. Taking water from an existing pipeline, instead of resource-intensive bottles and packaging that need to be transported and stored, is an environmentally friendly action in itself, and we hope more people will discover the benefits of a drinking water dispenser from Escowa.<\/p>\n<p data-start=\"784\" data-end=\"1251\" data-is-last-node=\"\" data-is-only-node=\"\">We call our environmental commitment &#8220;Carbon Reduced Footprint&#8221; and are proud to have environmental certification according to ISO 14001 and ISO 9001, issued by Swedac via A3CERT. According to our approach, quality provides excellent environmental features, as the product&#8217;s lifecycle is extended, reducing the need to replace machines, minimizing service visits, and ensuring a well-documented spare parts catalog for those unfortunate times when repairs are needed.<\/p>\n<p><img loading=\"lazy\" decoding=\"async\" class=\"size-full wp-image-1676 alignnone\" src=\"https:\/\/stage.escowa.se\/wp-content\/uploads\/2018\/12\/content_carbonfootprint.png\" alt=\"\" width=\"140\" height=\"39\" \/><\/p>\n<p><strong data-start=\"0\" data-end=\"30\">\u201cCarbon Reduced Footprint\u201d<\/strong> refers to the characteristics of the water dispenser compared to the consumption of bottled water, which is transported to stores, shipped back home, consumed, and, in the best case, recycled as an empty plastic or glass container. A water cooler is connected to the existing water network and then serves chilled (and carbonated for those who prefer it) water for many years. With regular maintenance and periodic replacement of the CO2 cylinder, a high-quality water cooler can last 10\u201320 years.<\/p>\n<h2>Why invest in quality?<\/h2>\n<p data-start=\"558\" data-end=\"659\">From a lifecycle perspective, there are several good reasons to choose a water dispenser from Escowa.<\/p>\n<ul data-start=\"661\" data-end=\"979\">\n<li data-start=\"661\" data-end=\"730\">\n<p data-start=\"663\" data-end=\"730\">Designed in Sweden or Italy based on Scandinavian quality standards<\/p>\n<\/li>\n<li data-start=\"731\" data-end=\"800\">\n<p data-start=\"733\" data-end=\"800\">Manufactured entirely within the EU in a quality-controlled process<\/p>\n<\/li>\n<li data-start=\"801\" data-end=\"853\">\n<p data-start=\"803\" data-end=\"853\">Durable materials suitable for public environments<\/p>\n<\/li>\n<li data-start=\"854\" data-end=\"887\">\n<p data-start=\"856\" data-end=\"887\">Clear documentation and history<\/p>\n<\/li>\n<li data-start=\"888\" data-end=\"950\">\n<p data-start=\"890\" data-end=\"950\">Available spare parts inventory, centrally located in Sweden<\/p>\n<\/li>\n<li data-start=\"951\" data-end=\"979\">\n<p data-start=\"953\" data-end=\"979\">Documented fewer repairs<\/p>\n<\/li>\n<\/ul>\n<h2>Read more<\/h2>\n<p><a href=\"https:\/\/stage.escowa.se\/en\/refrigerants\/\">Refrigerants \u2013 What are they and what applies?<\/a><\/p>\n<p><a href=\"https:\/\/stage.escowa.se\/en\/f-f-gas-regulation\/\">The F-gas Regulation \u2013 on fluorinated greenhouse gases in (among others) refrigerants\u00a0<\/a><\/p>\n<p><a href=\"https:\/\/stage.escowa.se\/en\/energy-declaration\/\">Energy declaration for water dispensers<\/a><\/p>\n<h2>Policies<\/h2>\n<p>As part of our environmental and quality efforts, we have also made our policies easily accessible on our website.<\/p>\n<ul>\n<li><a href=\"https:\/\/stage.escowa.se\/en\/privacy-policy\/\">Privacy Policy<\/a><\/li>\n<li><a href=\"https:\/\/stage.escowa.se\/en\/cookie-policy\/\">Cookie Policy<\/a><\/li>\n<li><a href=\"https:\/\/stage.escowa.se\/en\/business-policy\/\">Business Policy<\/a><\/li>\n<\/ul>\n<p><span>If you have any questions about our product range, feel free to reach out. Just drop a line in our <a href=\"https:\/\/stage.escowa.se\/en\/contact_us\/\">contact form<\/a><\/span>.<\/p>\n<\/div><\/div><div class=\"w-separator size_medium\"><\/div><\/div><\/div><\/div><\/div><\/div><\/section>\n","protected":false},"excerpt":{"rendered":"Escowa and the Environment With a dedicated environmental commitment, we continuously strive to improve our routines and invest in the future by incorporating environmental thinking at every stage of our production. We make use of consolidated shipping between our various suppliers whenever possible, and we handle a large portion of the assembly at a single...","protected":false},"author":13,"featured_media":7151,"parent":8588,"menu_order":0,"comment_status":"closed","ping_status":"closed","template":"","meta":{"_acf_changed":false,"footnotes":""},"class_list":["post-8555","page","type-page","status-publish","has-post-thumbnail","hentry"],"acf":[],"yoast_head":"<!-- This site is optimized with the Yoast SEO plugin v25.1 - https:\/\/yoast.com\/wordpress\/plugins\/seo\/ -->\n<title>Environment - Escowa<\/title>\n<meta name=\"robots\" content=\"index, follow, max-snippet:-1, max-image-preview:large, max-video-preview:-1\" \/>\n<link rel=\"canonical\" href=\"https:\/\/stage.escowa.se\/en\/about_us\/environment\/\" \/>\n<meta property=\"og:locale\" content=\"en_US\" \/>\n<meta property=\"og:type\" content=\"article\" \/>\n<meta property=\"og:title\" content=\"Environment - Escowa\" \/>\n<meta property=\"og:url\" content=\"https:\/\/stage.escowa.se\/en\/about_us\/environment\/\" \/>\n<meta property=\"og:site_name\" content=\"Escowa\" \/>\n<meta property=\"article:modified_time\" content=\"2025-06-09T10:08:07+00:00\" \/>\n<meta property=\"og:image\" content=\"https:\/\/stage.escowa.se\/wp-content\/uploads\/2018\/11\/gasklockor.jpg\" \/>\n\t<meta property=\"og:image:width\" content=\"872\" \/>\n\t<meta property=\"og:image:height\" content=\"425\" \/>\n\t<meta property=\"og:image:type\" content=\"image\/jpeg\" \/>\n<meta name=\"twitter:card\" content=\"summary_large_image\" \/>\n<meta name=\"twitter:label1\" content=\"Est. reading time\" \/>\n\t<meta name=\"twitter:data1\" content=\"3 minutes\" \/>\n<script type=\"application\/ld+json\" class=\"yoast-schema-graph\">{\"@context\":\"https:\/\/schema.org\",\"@graph\":[{\"@type\":\"WebPage\",\"@id\":\"https:\/\/stage.escowa.se\/en\/about_us\/environment\/\",\"url\":\"https:\/\/stage.escowa.se\/en\/about_us\/environment\/\",\"name\":\"Environment - Escowa\",\"isPartOf\":{\"@id\":\"https:\/\/stage.escowa.se\/en\/#website\"},\"primaryImageOfPage\":{\"@id\":\"https:\/\/stage.escowa.se\/en\/about_us\/environment\/#primaryimage\"},\"image\":{\"@id\":\"https:\/\/stage.escowa.se\/en\/about_us\/environment\/#primaryimage\"},\"thumbnailUrl\":\"https:\/\/stage.escowa.se\/wp-content\/uploads\/2018\/11\/gasklockor.jpg\",\"datePublished\":\"2024-12-06T07:52:32+00:00\",\"dateModified\":\"2025-06-09T10:08:07+00:00\",\"breadcrumb\":{\"@id\":\"https:\/\/stage.escowa.se\/en\/about_us\/environment\/#breadcrumb\"},\"inLanguage\":\"en-US\",\"potentialAction\":[{\"@type\":\"ReadAction\",\"target\":[\"https:\/\/stage.escowa.se\/en\/about_us\/environment\/\"]}]},{\"@type\":\"ImageObject\",\"inLanguage\":\"en-US\",\"@id\":\"https:\/\/stage.escowa.se\/en\/about_us\/environment\/#primaryimage\",\"url\":\"https:\/\/stage.escowa.se\/wp-content\/uploads\/2018\/11\/gasklockor.jpg\",\"contentUrl\":\"https:\/\/stage.escowa.se\/wp-content\/uploads\/2018\/11\/gasklockor.jpg\",\"width\":872,\"height\":425},{\"@type\":\"BreadcrumbList\",\"@id\":\"https:\/\/stage.escowa.se\/en\/about_us\/environment\/#breadcrumb\",\"itemListElement\":[{\"@type\":\"ListItem\",\"position\":1,\"name\":\"Home\",\"item\":\"https:\/\/stage.escowa.se\/en\/\"},{\"@type\":\"ListItem\",\"position\":2,\"name\":\"About Us\",\"item\":\"https:\/\/stage.escowa.se\/en\/about_us\/\"},{\"@type\":\"ListItem\",\"position\":3,\"name\":\"Environment\"}]},{\"@type\":\"WebSite\",\"@id\":\"https:\/\/stage.escowa.se\/en\/#website\",\"url\":\"https:\/\/stage.escowa.se\/en\/\",\"name\":\"Escowa\",\"description\":\"- Water solutions for restaurants and offices\",\"potentialAction\":[{\"@type\":\"SearchAction\",\"target\":{\"@type\":\"EntryPoint\",\"urlTemplate\":\"https:\/\/stage.escowa.se\/en\/?s={search_term_string}\"},\"query-input\":{\"@type\":\"PropertyValueSpecification\",\"valueRequired\":true,\"valueName\":\"search_term_string\"}}],\"inLanguage\":\"en-US\"}]}<\/script>\n<!-- \/ Yoast SEO plugin. -->","yoast_head_json":{"title":"Environment - Escowa","robots":{"index":"index","follow":"follow","max-snippet":"max-snippet:-1","max-image-preview":"max-image-preview:large","max-video-preview":"max-video-preview:-1"},"canonical":"https:\/\/stage.escowa.se\/en\/about_us\/environment\/","og_locale":"en_US","og_type":"article","og_title":"Environment - Escowa","og_url":"https:\/\/stage.escowa.se\/en\/about_us\/environment\/","og_site_name":"Escowa","article_modified_time":"2025-06-09T10:08:07+00:00","og_image":[{"width":872,"height":425,"url":"https:\/\/stage.escowa.se\/wp-content\/uploads\/2018\/11\/gasklockor.jpg","type":"image\/jpeg"}],"twitter_card":"summary_large_image","twitter_misc":{"Est. reading time":"3 minutes"},"schema":{"@context":"https:\/\/schema.org","@graph":[{"@type":"WebPage","@id":"https:\/\/stage.escowa.se\/en\/about_us\/environment\/","url":"https:\/\/stage.escowa.se\/en\/about_us\/environment\/","name":"Environment - Escowa","isPartOf":{"@id":"https:\/\/stage.escowa.se\/en\/#website"},"primaryImageOfPage":{"@id":"https:\/\/stage.escowa.se\/en\/about_us\/environment\/#primaryimage"},"image":{"@id":"https:\/\/stage.escowa.se\/en\/about_us\/environment\/#primaryimage"},"thumbnailUrl":"https:\/\/stage.escowa.se\/wp-content\/uploads\/2018\/11\/gasklockor.jpg","datePublished":"2024-12-06T07:52:32+00:00","dateModified":"2025-06-09T10:08:07+00:00","breadcrumb":{"@id":"https:\/\/stage.escowa.se\/en\/about_us\/environment\/#breadcrumb"},"inLanguage":"en-US","potentialAction":[{"@type":"ReadAction","target":["https:\/\/stage.escowa.se\/en\/about_us\/environment\/"]}]},{"@type":"ImageObject","inLanguage":"en-US","@id":"https:\/\/stage.escowa.se\/en\/about_us\/environment\/#primaryimage","url":"https:\/\/stage.escowa.se\/wp-content\/uploads\/2018\/11\/gasklockor.jpg","contentUrl":"https:\/\/stage.escowa.se\/wp-content\/uploads\/2018\/11\/gasklockor.jpg","width":872,"height":425},{"@type":"BreadcrumbList","@id":"https:\/\/stage.escowa.se\/en\/about_us\/environment\/#breadcrumb","itemListElement":[{"@type":"ListItem","position":1,"name":"Home","item":"https:\/\/stage.escowa.se\/en\/"},{"@type":"ListItem","position":2,"name":"About Us","item":"https:\/\/stage.escowa.se\/en\/about_us\/"},{"@type":"ListItem","position":3,"name":"Environment"}]},{"@type":"WebSite","@id":"https:\/\/stage.escowa.se\/en\/#website","url":"https:\/\/stage.escowa.se\/en\/","name":"Escowa","description":"- Water solutions for restaurants and offices","potentialAction":[{"@type":"SearchAction","target":{"@type":"EntryPoint","urlTemplate":"https:\/\/stage.escowa.se\/en\/?s={search_term_string}"},"query-input":{"@type":"PropertyValueSpecification","valueRequired":true,"valueName":"search_term_string"}}],"inLanguage":"en-US"}]}},"_links":{"self":[{"href":"https:\/\/stage.escowa.se\/en\/wp-json\/wp\/v2\/pages\/8555","targetHints":{"allow":["GET"]}}],"collection":[{"href":"https:\/\/stage.escowa.se\/en\/wp-json\/wp\/v2\/pages"}],"about":[{"href":"https:\/\/stage.escowa.se\/en\/wp-json\/wp\/v2\/types\/page"}],"author":[{"embeddable":true,"href":"https:\/\/stage.escowa.se\/en\/wp-json\/wp\/v2\/users\/13"}],"replies":[{"embeddable":true,"href":"https:\/\/stage.escowa.se\/en\/wp-json\/wp\/v2\/comments?post=8555"}],"version-history":[{"count":2,"href":"https:\/\/stage.escowa.se\/en\/wp-json\/wp\/v2\/pages\/8555\/revisions"}],"predecessor-version":[{"id":8840,"href":"https:\/\/stage.escowa.se\/en\/wp-json\/wp\/v2\/pages\/8555\/revisions\/8840"}],"up":[{"embeddable":true,"href":"https:\/\/stage.escowa.se\/en\/wp-json\/wp\/v2\/pages\/8588"}],"wp:featuredmedia":[{"embeddable":true,"href":"https:\/\/stage.escowa.se\/en\/wp-json\/wp\/v2\/media\/7151"}],"wp:attachment":[{"href":"https:\/\/stage.escowa.se\/en\/wp-json\/wp\/v2\/media?parent=8555"}],"curies":[{"name":"wp","href":"https:\/\/api.w.org\/{rel}","templated":true}]}}