{"id":8561,"date":"2021-06-18T07:24:50","date_gmt":"2021-06-18T06:24:50","guid":{"rendered":"https:\/\/stage.escowa.se\/energideklaration\/"},"modified":"2025-06-09T15:30:04","modified_gmt":"2025-06-09T14:30:04","slug":"energy-declaration","status":"publish","type":"page","link":"https:\/\/stage.escowa.se\/en\/energy-declaration\/","title":{"rendered":"Energy declaration"},"content":{"rendered":"<section class=\"l-section wpb_row height_small\"><div class=\"l-section-h i-cf\"><div class=\"g-cols vc_row via_flex valign_top type_default stacking_default\"><div class=\"vc_col-sm-12 wpb_column vc_column_container\"><div class=\"vc_column-inner\"><div class=\"wpb_wrapper\"><div class=\"w-image align_none\"><div class=\"w-image-h\"><img decoding=\"async\" width=\"1150\" height=\"640\" src=\"https:\/\/stage.escowa.se\/wp-content\/uploads\/2021\/06\/energy-federico-beccari.jpg\" class=\"attachment-full size-full\" alt=\"\" loading=\"lazy\" srcset=\"https:\/\/stage.escowa.se\/wp-content\/uploads\/2021\/06\/energy-federico-beccari.jpg 1150w, https:\/\/stage.escowa.se\/wp-content\/uploads\/2021\/06\/energy-federico-beccari-300x167.jpg 300w, https:\/\/stage.escowa.se\/wp-content\/uploads\/2021\/06\/energy-federico-beccari-1024x570.jpg 1024w, https:\/\/stage.escowa.se\/wp-content\/uploads\/2021\/06\/energy-federico-beccari-600x334.jpg 600w, https:\/\/stage.escowa.se\/wp-content\/uploads\/2021\/06\/energy-federico-beccari-768x427.jpg 768w, https:\/\/stage.escowa.se\/wp-content\/uploads\/2021\/06\/energy-federico-beccari-377x210.jpg 377w, https:\/\/stage.escowa.se\/wp-content\/uploads\/2021\/06\/energy-federico-beccari-200x111.jpg 200w\" sizes=\"auto, (max-width: 1150px) 100vw, 1150px\" \/><\/div><\/div><\/div><\/div><\/div><\/div><\/div><\/section><section class=\"l-section wpb_row height_small\"><div class=\"l-section-h i-cf\"><div class=\"g-cols vc_row via_flex valign_top type_default stacking_default\"><div class=\"vc_col-sm-12 wpb_column vc_column_container\"><div class=\"vc_column-inner\"><div class=\"wpb_wrapper\"><div class=\"wpb_text_column\"><div class=\"wpb_wrapper\"><h1>Energy Labeling for Water Dispensers, Does it Exist?<\/h1>\n<p data-start=\"58\" data-end=\"98\">The short answer to this question is No.<\/p>\n<p data-start=\"100\" data-end=\"434\">We are often asked what energy class our water dispensers have. The question is reasonable in every way! Since the EU introduced regulations for energy declarations and Eco-design over 25 years ago, consumers have become accustomed to recognizing the labels and using the information when choosing new equipment for homes and offices.<\/p>\n<p data-start=\"436\" data-end=\"863\">What many don&#8217;t know is which products need to be labeled and on what grounds. This can, among other things, cause problems when consumer labels sometimes appear as requirements for equipment being procured for use in contexts unrelated to private consumers. Additionally, there are sometimes labeling requirements for products that are not covered under the EU&#8217;s regulations on labeling requirements, such as water dispensers.<\/p>\n<h2>Which Products Should Be Labeled?<\/h2>\n<p>In most cases, it\u2019s crystal clear! According to the European Commission&#8217;s requirements for Eco-design and Energy Labeling (regulations <a href=\"https:\/\/eur-lex.europa.eu\/legal-content\/EN\/TXT\/?uri=CELEX:32009L0125)\">2009\/125<\/a> and <a href=\"https:\/\/eur-lex.europa.eu\/legal-content\/EN\/TXT\/?uri=celex:32017R1369\">2017\/1369<\/a>), several product groups are listed under these requirements. Each product group is also divided into two subgroups, which are requirements for Eco-design and Energy Declaration, respectively.<\/p>\n<p data-start=\"1256\" data-end=\"1446\">These product groups are listed <a href=\"https:\/\/single-market-economy.ec.europa.eu\/single-market\/european-standards\/harmonised-standards\/ecodesign_en\">here<\/a> (and <a href=\"https:\/\/energy.ec.europa.eu\/index_en\">here<\/a>) and each has its own so-called Harmonized Standard, which details the conditions and testing procedures for each product group and regulation.<\/p>\n<p data-start=\"1448\" data-end=\"1811\">It is important to understand that product groups have different requirements for Eco-design and Energy Labeling. Furthermore, the design requirement for Energy Labeling was updated according to an article published on February 16, 2021 (the new label should primarily be updated for household products and is recognized by the QR code in the upper right corner).<\/p>\n<p data-start=\"1813\" data-end=\"2184\">Products affected by the new energy labeling include dishwashers, refrigerators, freezers, washing machines, combined washing machines, tumble dryers, lamps, wine coolers, monitors, and TVs. EU countries have decided that energy labeling with the scale A+++ to G will be changed and replaced with the scale A to G. The arrow colors will remain the same as they are today.<\/p>\n<p data-start=\"2186\" data-end=\"2597\">Among the product groups for consumer products are also, for example, computers, dishwashers, ovens, fans, A\/C systems, and other household equipment. Among product groups, there are also products for commercial use, such as water pumps, refrigerators, ventilation and cooling systems, commercial kitchen refrigerators, vending machines, and a separate group for general home electronics with standby functions.<\/p>\n<h2><img loading=\"lazy\" decoding=\"async\" class=\"alignright wp-image-4774 \" src=\"https:\/\/stage.escowa.se\/wp-content\/uploads\/2021\/06\/energideklaration.png\" alt=\"\" width=\"282\" height=\"599\" \/>Which Group Do Water Dispensers Belong To?<\/h2>\n<p data-start=\"2647\" data-end=\"2811\">For water coolers and water dispensers, there is no harmonizing standard, and therefore no testing method can currently be applied to the product (as of June 2021).<\/p>\n<p data-start=\"2813\" data-end=\"3078\">This applies to both the requirements for Eco-design and Energy Labeling. Therefore, procurement requirements for Energy Labeling for water machines are invalid and should be met with the counter-question of &#8220;Energy Labeling according to which Harmonized Standard?&#8221;<\/p>\n<p data-start=\"3080\" data-end=\"3245\">We are continuously following up on whether new information arises that would bring water dispensers under an existing standard, but currently, this is not the case.<\/p>\n<p data-start=\"3247\" data-end=\"3499\">For example, we have looked into whether the product group <strong data-start=\"3306\" data-end=\"3327\">Cooling Equipment<\/strong> is relevant, but for this group, there is no Energy Labeling requirement, only for Eco-design, which also applies to household equipment with standby mode and water pumps.<\/p>\n<p data-start=\"3501\" data-end=\"3838\">For <a href=\"https:\/\/eur-lex.europa.eu\/legal-content\/EN\/TXT\/?uri=uriserv:OJ.C_.2017.044.01.0001.01.ENG&amp;toc=OJ:C:2017:044:TOC)\">condensing units<\/a>, it refers to refrigerators and freezers for professional use, quick-chill cabinets, condenser units, and process coolers. However, the group is exempt from Energy Labeling and thus only has requirements for Eco-design. For <a href=\"https:\/\/eur-lex.europa.eu\/legal-content\/EN\/TXT\/?uri=uriserv:OJ.C_.2017.229.01.0001.01.ENG&amp;toc=OJ:C:2017:229:TOC\">cooling systems<\/a>, it refers to comfort cooling and air conditioning, which is not applicable.<\/p>\n<p data-start=\"3840\" data-end=\"4172\">For the respective Harmonized standards for the product group &#8220;<a href=\"https:\/\/eur-lex.europa.eu\/legal-content\/EN\/TXT\/?uri=uriserv%3AOJ.L_.2021.068.01.0062.01.ENG&amp;toc=OJ%3AL%3A2021%3A068%3ATOC\">cooling\/freezing products for household use<\/a>&#8221; and the product group &#8220;<a href=\"https:\/\/eur-lex.europa.eu\/legal-content\/EN\/TXT\/?uri=uriserv%3AOJ.L_.2021.068.01.0062.01.ENG&amp;toc=OJ%3AL%3A2021%3A068%3ATOC\">cooling\/freezing products with direct sales function<\/a>,&#8221; the protocol is adapted for measuring equipment intended for cooling packaged products\/food, not for cooling circulating liquids in a closed loop.<\/p>\n<h2>Other Types of Labeling<\/h2>\n<p data-start=\"4203\" data-end=\"4558\">Previously, EVA (European Vending Association) had its own standard called EMP (Energy Measurement Protocol) that, in its version 3.1a, referred to testing methods for beverage dispensers for hot and hot\/cold water. This protocol has now been withdrawn in favor of the EU&#8217;s own Harmonized Standard <a href=\"https:\/\/www.sis.se\/en\/produkter\/domestic-and-commercial-equipment-entertainment-sports\/kitchen-equipment\/domestic-refrigerating-appliances\/ss-en-50597\/\">EN 50597:2018<\/a>, which will come into effect in March 2021.<\/p>\n<p data-start=\"4560\" data-end=\"4820\">The labeling for &#8220;Refrigerated Vending Machines&#8221; had a scale from A++ to G, while the official EU scale replacing it uses a scale from A to G. The scale from EMP was never allowed to be used as consumer guidance in the form of labeling directly on the machine.<\/p>\n<p data-start=\"4822\" data-end=\"5146\">In EN 50597, specific exceptions for the standard are listed, including the statement &#8220;\u2013 beverage machines that dispense hot and\/or cold drinks in cups,&#8221; which includes water dispensers and coffee machines. This means that with the withdrawal of EMP 3.1a, it is now not permitted to label coffee machines with energy labels.<\/p>\n<p data-start=\"5148\" data-end=\"5415\">Note that in EN 50597, energy declarations are currently not allowed for vending machines with a class higher than C. Version EMP 3.1b only refers to beverage dispensers for hot and hot\/cold drinks and is still relevant as a reference, but not as a legal requirement.<\/p>\n<h2>Energy Labeling Requirements in Procurement Documents<\/h2>\n<p data-start=\"5476\" data-end=\"5556\">I\u2019ve been asked for Energy Labeling in a procurement document. What should I do?<\/p>\n<p data-start=\"5558\" data-end=\"5943\">There is currently a tangled situation regarding information on Energy Declarations, but it is clear that a procuring entity cannot set requirements that contradict an EU regulation. So, what happens if Energy Labeling is required for a water dispenser in the procurement process? The short answer is that <strong data-start=\"5864\" data-end=\"5926\">Energy Declaration cannot be required for water dispensers<\/strong> (water coolers).<\/p>\n<p data-start=\"5945\" data-end=\"6093\">This applies if an Energy Declaration is requested according to:<\/p>\n<ul>\n<li>\n<p data-start=\"5945\" data-end=\"6093\"><strong data-start=\"6012\" data-end=\"6093\">EN 50597 (European Union, Energy Labeling Regulation, Standard EN 50597:2018)<\/strong><\/p>\n<p data-start=\"6095\" data-end=\"6407\">This is the measurement standard according to the EU&#8217;s official labeling &#8220;Energy Labeling Regulation&#8221; (Regulation EU2017\/1369). It primarily applies to cooling equipment\/cabinets intended to cool and make individually packaged goods available and is applicable to vending and vending machines in 6 subcategories:<\/p>\n<ul data-start=\"6409\" data-end=\"6787\">\n<li data-start=\"6409\" data-end=\"6487\">\n<p data-start=\"6411\" data-end=\"6487\">Vending machines with a closed front, for cooling stacked cans and bottles<\/p>\n<\/li>\n<li data-start=\"6488\" data-end=\"6557\">\n<p data-start=\"6490\" data-end=\"6557\">Vending machines with a door for cans, bottles, candy, and snacks<\/p>\n<\/li>\n<li data-start=\"6558\" data-end=\"6607\">\n<p data-start=\"6560\" data-end=\"6607\">Vending machines with a door for chilled food<\/p>\n<\/li>\n<li data-start=\"6608\" data-end=\"6661\">\n<p data-start=\"6610\" data-end=\"6661\">Vending machines with different temperature zones<\/p>\n<\/li>\n<li data-start=\"6662\" data-end=\"6715\">\n<p data-start=\"6664\" data-end=\"6715\">Vending machines for non-chilled snacks and meals<\/p>\n<\/li>\n<li data-start=\"6716\" data-end=\"6787\">\n<p data-start=\"6718\" data-end=\"6787\">Combination machines that consist of two different machine categories<\/p>\n<\/li>\n<\/ul>\n<p data-start=\"6789\" data-end=\"6839\">The following machine types are completely exempt:<\/p>\n<ul data-start=\"6841\" data-end=\"7055\">\n<li data-start=\"6841\" data-end=\"6897\">\n<p data-start=\"6843\" data-end=\"6897\">Beverage machines for hot and\/or cold drinks in cups<\/p>\n<\/li>\n<li data-start=\"6898\" data-end=\"6938\">\n<p data-start=\"6900\" data-end=\"6938\">Machines with food warming functions<\/p>\n<\/li>\n<li data-start=\"6939\" data-end=\"6998\">\n<p data-start=\"6941\" data-end=\"6998\">Vending machines that operate at temperatures below 0\u00b0C<\/p>\n<\/li>\n<li data-start=\"6999\" data-end=\"7055\">\n<p data-start=\"7001\" data-end=\"7055\">Combination machines of the categories described above<\/p>\n<\/li>\n<\/ul>\n<p data-start=\"7057\" data-end=\"7384\">Products not listed under the standard also have no labeling requirements (e.g., beverage dispensers intended for cups \u2248 dosed and freely flowing dispensing, as opposed to packaged drinks). Also, note that from the introduction of <strong data-start=\"7288\" data-end=\"7302\">50597:2018<\/strong>, as of March 1, 2021, results for vending machines above class C are not allowed.<\/p>\n<p data-start=\"7386\" data-end=\"7477\">A procurement cannot require Energy Labeling for water dispensers according to <strong data-start=\"7465\" data-end=\"7476\">EN50597<\/strong>.<\/p>\n<\/li>\n<\/ul>\n<h4>EVA EMP v3.1a (European Vending Association, Energy Measuring Protocol)<\/h4>\n<p>Protokollet avs\u00e5g \u201dRefrigeratet Vending machines\u201d har utg\u00e5tt 2019 och helt ersatts av EN 50597. De t\u00e4cker inte upp f\u00f6r exakt samma typer av produkter, men det g\u00f6rs tydligt fr\u00e5n EVA\u2019s sida att allt material som h\u00e4nvisar till EMP 3.1a m\u00e5ste tas bort fr\u00e5n f\u00f6rs\u00e4ljningsledet. Det f\u00e5r inte f\u00f6rekomma i sammanhang s\u00e5som hemsidor, PDF, printade lappar, marknadsf\u00f6ringsmaterial, manualer etc.<\/p>\n<p>M\u00e4rkningen hade en m\u00e4tskala fr\u00e5n A++ till G, medans den, fr\u00e5n EU, ers\u00e4ttande officiella skalan enligt 50597 har en m\u00e4tskala fr\u00e5n A-G vilket ocks\u00e5 riskerar att skapa missf\u00f6rst\u00e5nd. Skalan fr\u00e5n EMP har aldrig till\u00e5tits anv\u00e4ndas som konsumentv\u00e4gledande i form av m\u00e4rkning direkt p\u00e5 maskinen.<\/p>\n<p>M\u00e4rkningen f\u00e5r endast anv\u00e4ndas i B2B och inte som konsumentm\u00e4rkning f\u00e4st p\u00e5 maskinen eller p\u00e5 annat s\u00e4tt, f\u00f6r konsumenter, v\u00e4gledande m\u00e4rkning p\u00e5 apparater. Upphandlingar som h\u00e4nvisar till denna standard ska upplysas om att den inte l\u00e4ngre \u00e4r till\u00e5ten att anv\u00e4ndas som referens d\u00e5 den \u00e4r mots\u00e4gande den g\u00e4llande standarden EN 50597.<\/p>\n<p><span style=\"text-decoration: underline;\">En upphandling kan inte kr\u00e4va Energim\u00e4rkning f\u00f6r vattenautomater enligt EVA EMP 3.1a<\/span><\/p>\n<h4>EVA EMP v3.1b (European Vending Association, Energy Measuring Protocol)<\/h4>\n<p>Protokollet g\u00e4ller f\u00f6r \u201dVending &amp; Dispensing Machines\u201d samt \u201dHot and Hot &amp; Cold Drink Machines\u201d. Protokollet \u00e4r allts\u00e5 utf\u00f6rt f\u00f6r att enbart m\u00e4ta mot maskiner med prim\u00e4rt v\u00e4rmande funktion men \u00e4r fortsatt g\u00e4llande som energireferens f\u00f6r <span style=\"text-decoration: underline;\">dryckesautomater f\u00f6r heta drycker<\/span>.<\/p>\n<p>EMP \u00e4r inte underst\u00e4lld en f\u00f6rordning eller lagkrav och kan endast ses som rekommenderande. Vidare f\u00e5r utformningen av m\u00e4tresultatet under inga omst\u00e4ndigheter g\u00f6ras s\u00e5 att de riskerar att blandas ihop med EU\u2019s energideklarationer och har heller aldrig till\u00e5tits att g\u00f6ra s\u00e5.<\/p>\n<p><span style=\"text-decoration: underline;\">En upphandling kan inte kr\u00e4va Energim\u00e4rkning f\u00f6r vattenautomater EVA EMP 3.1b<\/span><\/p>\n<p><strong>K\u00e4llor:<\/strong><\/p>\n<p><a href=\"https:\/\/ec.europa.eu\/growth\/single-market\/european-standards\/harmonised-standards\/ecodesign_en\">https:\/\/ec.europa.eu\/growth\/single-market\/european-standards\/harmonised-standards\/ecodesign_en<\/a><\/p>\n<p><a href=\"https:\/\/ec.europa.eu\/energy\/topics\/energy-efficiency\/energy-efficient-products\/list-regulations-product-groups-energy-efficient-products_en\">https:\/\/ec.europa.eu\/energy\/topics\/energy-efficiency\/energy-efficient-products\/list-regulations-product-groups-energy-efficient-products_en<\/a><\/p>\n<p><a href=\"https:\/\/www.vending-europe.eu\/eva-withdraws-the-energy-measurement-protocol-emp-for-refrigerated-vending-machines\/\">https:\/\/www.vending-europe.eu\/eva-withdraws-the-energy-measurement-protocol-emp-for-refrigerated-vending-machines\/<\/a><\/p>\n<p><a href=\"https:\/\/www.vending-europe.eu\/new-energy-label-brings-big-changes-for-refrigerated-vending-machines\/\">https:\/\/www.vending-europe.eu\/new-energy-label-brings-big-changes-for-refrigerated-vending-machines\/<\/a><\/p>\n<\/div><\/div><div class=\"w-separator size_medium\"><\/div><\/div><\/div><\/div><\/div><\/div><\/section>\n","protected":false},"excerpt":{"rendered":"Energy Labeling for Water Dispensers, Does it Exist? The short answer to this question is No. We are often asked what energy class our water dispensers have. The question is reasonable in every way! Since the EU introduced regulations for energy declarations and Eco-design over 25 years ago, consumers have become accustomed to recognizing the...","protected":false},"author":13,"featured_media":0,"parent":0,"menu_order":0,"comment_status":"closed","ping_status":"closed","template":"","meta":{"_acf_changed":false,"footnotes":""},"class_list":["post-8561","page","type-page","status-publish","hentry"],"acf":[],"yoast_head":"<!-- This site is optimized with the Yoast SEO plugin v25.1 - https:\/\/yoast.com\/wordpress\/plugins\/seo\/ -->\n<title>Energy declaration - Escowa<\/title>\n<meta name=\"description\" content=\"Energideklaration f\u00f6r vattenautomater \u00e4r inte till\u00e5tet enligt EU-kommissionens regelverk f\u00f6r Energy Labelling.\" \/>\n<meta name=\"robots\" content=\"index, follow, max-snippet:-1, max-image-preview:large, max-video-preview:-1\" \/>\n<link rel=\"canonical\" href=\"https:\/\/stage.escowa.se\/en\/energy-declaration\/\" \/>\n<meta property=\"og:locale\" content=\"en_US\" \/>\n<meta property=\"og:type\" content=\"article\" \/>\n<meta property=\"og:title\" content=\"Energy declaration - Escowa\" \/>\n<meta property=\"og:description\" content=\"Energideklaration f\u00f6r vattenautomater \u00e4r inte till\u00e5tet enligt EU-kommissionens regelverk f\u00f6r Energy Labelling.\" \/>\n<meta property=\"og:url\" content=\"https:\/\/stage.escowa.se\/en\/energy-declaration\/\" \/>\n<meta property=\"og:site_name\" content=\"Escowa\" \/>\n<meta property=\"article:modified_time\" content=\"2025-06-09T14:30:04+00:00\" \/>\n<meta property=\"og:image\" content=\"https:\/\/stage.escowa.se\/wp-content\/uploads\/2021\/06\/energideklaration.png\" \/>\n<meta name=\"twitter:card\" content=\"summary_large_image\" \/>\n<meta name=\"twitter:label1\" content=\"Est. reading time\" \/>\n\t<meta name=\"twitter:data1\" content=\"6 minutes\" \/>\n<script type=\"application\/ld+json\" class=\"yoast-schema-graph\">{\"@context\":\"https:\/\/schema.org\",\"@graph\":[{\"@type\":\"WebPage\",\"@id\":\"https:\/\/stage.escowa.se\/en\/energy-declaration\/\",\"url\":\"https:\/\/stage.escowa.se\/en\/energy-declaration\/\",\"name\":\"Energy declaration - Escowa\",\"isPartOf\":{\"@id\":\"https:\/\/stage.escowa.se\/en\/#website\"},\"primaryImageOfPage\":{\"@id\":\"https:\/\/stage.escowa.se\/en\/energy-declaration\/#primaryimage\"},\"image\":{\"@id\":\"https:\/\/stage.escowa.se\/en\/energy-declaration\/#primaryimage\"},\"thumbnailUrl\":\"https:\/\/stage.escowa.se\/wp-content\/uploads\/2021\/06\/energideklaration.png\",\"datePublished\":\"2021-06-18T06:24:50+00:00\",\"dateModified\":\"2025-06-09T14:30:04+00:00\",\"description\":\"Energideklaration f\u00f6r vattenautomater \u00e4r inte till\u00e5tet enligt EU-kommissionens regelverk f\u00f6r Energy Labelling.\",\"breadcrumb\":{\"@id\":\"https:\/\/stage.escowa.se\/en\/energy-declaration\/#breadcrumb\"},\"inLanguage\":\"en-US\",\"potentialAction\":[{\"@type\":\"ReadAction\",\"target\":[\"https:\/\/stage.escowa.se\/en\/energy-declaration\/\"]}]},{\"@type\":\"ImageObject\",\"inLanguage\":\"en-US\",\"@id\":\"https:\/\/stage.escowa.se\/en\/energy-declaration\/#primaryimage\",\"url\":\"https:\/\/stage.escowa.se\/wp-content\/uploads\/2021\/06\/energideklaration.png\",\"contentUrl\":\"https:\/\/stage.escowa.se\/wp-content\/uploads\/2021\/06\/energideklaration.png\"},{\"@type\":\"BreadcrumbList\",\"@id\":\"https:\/\/stage.escowa.se\/en\/energy-declaration\/#breadcrumb\",\"itemListElement\":[{\"@type\":\"ListItem\",\"position\":1,\"name\":\"Home\",\"item\":\"https:\/\/stage.escowa.se\/en\/\"},{\"@type\":\"ListItem\",\"position\":2,\"name\":\"Energy declaration\"}]},{\"@type\":\"WebSite\",\"@id\":\"https:\/\/stage.escowa.se\/en\/#website\",\"url\":\"https:\/\/stage.escowa.se\/en\/\",\"name\":\"Escowa\",\"description\":\"- Water solutions for restaurants and offices\",\"potentialAction\":[{\"@type\":\"SearchAction\",\"target\":{\"@type\":\"EntryPoint\",\"urlTemplate\":\"https:\/\/stage.escowa.se\/en\/?s={search_term_string}\"},\"query-input\":{\"@type\":\"PropertyValueSpecification\",\"valueRequired\":true,\"valueName\":\"search_term_string\"}}],\"inLanguage\":\"en-US\"}]}<\/script>\n<!-- \/ Yoast SEO plugin. -->","yoast_head_json":{"title":"Energy declaration - Escowa","description":"Energideklaration f\u00f6r vattenautomater \u00e4r inte till\u00e5tet enligt EU-kommissionens regelverk f\u00f6r Energy Labelling.","robots":{"index":"index","follow":"follow","max-snippet":"max-snippet:-1","max-image-preview":"max-image-preview:large","max-video-preview":"max-video-preview:-1"},"canonical":"https:\/\/stage.escowa.se\/en\/energy-declaration\/","og_locale":"en_US","og_type":"article","og_title":"Energy declaration - Escowa","og_description":"Energideklaration f\u00f6r vattenautomater \u00e4r inte till\u00e5tet enligt EU-kommissionens regelverk f\u00f6r Energy Labelling.","og_url":"https:\/\/stage.escowa.se\/en\/energy-declaration\/","og_site_name":"Escowa","article_modified_time":"2025-06-09T14:30:04+00:00","og_image":[{"url":"https:\/\/stage.escowa.se\/wp-content\/uploads\/2021\/06\/energideklaration.png","type":"","width":"","height":""}],"twitter_card":"summary_large_image","twitter_misc":{"Est. reading time":"6 minutes"},"schema":{"@context":"https:\/\/schema.org","@graph":[{"@type":"WebPage","@id":"https:\/\/stage.escowa.se\/en\/energy-declaration\/","url":"https:\/\/stage.escowa.se\/en\/energy-declaration\/","name":"Energy declaration - Escowa","isPartOf":{"@id":"https:\/\/stage.escowa.se\/en\/#website"},"primaryImageOfPage":{"@id":"https:\/\/stage.escowa.se\/en\/energy-declaration\/#primaryimage"},"image":{"@id":"https:\/\/stage.escowa.se\/en\/energy-declaration\/#primaryimage"},"thumbnailUrl":"https:\/\/stage.escowa.se\/wp-content\/uploads\/2021\/06\/energideklaration.png","datePublished":"2021-06-18T06:24:50+00:00","dateModified":"2025-06-09T14:30:04+00:00","description":"Energideklaration f\u00f6r vattenautomater \u00e4r inte till\u00e5tet enligt EU-kommissionens regelverk f\u00f6r Energy Labelling.","breadcrumb":{"@id":"https:\/\/stage.escowa.se\/en\/energy-declaration\/#breadcrumb"},"inLanguage":"en-US","potentialAction":[{"@type":"ReadAction","target":["https:\/\/stage.escowa.se\/en\/energy-declaration\/"]}]},{"@type":"ImageObject","inLanguage":"en-US","@id":"https:\/\/stage.escowa.se\/en\/energy-declaration\/#primaryimage","url":"https:\/\/stage.escowa.se\/wp-content\/uploads\/2021\/06\/energideklaration.png","contentUrl":"https:\/\/stage.escowa.se\/wp-content\/uploads\/2021\/06\/energideklaration.png"},{"@type":"BreadcrumbList","@id":"https:\/\/stage.escowa.se\/en\/energy-declaration\/#breadcrumb","itemListElement":[{"@type":"ListItem","position":1,"name":"Home","item":"https:\/\/stage.escowa.se\/en\/"},{"@type":"ListItem","position":2,"name":"Energy declaration"}]},{"@type":"WebSite","@id":"https:\/\/stage.escowa.se\/en\/#website","url":"https:\/\/stage.escowa.se\/en\/","name":"Escowa","description":"- Water solutions for restaurants and offices","potentialAction":[{"@type":"SearchAction","target":{"@type":"EntryPoint","urlTemplate":"https:\/\/stage.escowa.se\/en\/?s={search_term_string}"},"query-input":{"@type":"PropertyValueSpecification","valueRequired":true,"valueName":"search_term_string"}}],"inLanguage":"en-US"}]}},"_links":{"self":[{"href":"https:\/\/stage.escowa.se\/en\/wp-json\/wp\/v2\/pages\/8561","targetHints":{"allow":["GET"]}}],"collection":[{"href":"https:\/\/stage.escowa.se\/en\/wp-json\/wp\/v2\/pages"}],"about":[{"href":"https:\/\/stage.escowa.se\/en\/wp-json\/wp\/v2\/types\/page"}],"author":[{"embeddable":true,"href":"https:\/\/stage.escowa.se\/en\/wp-json\/wp\/v2\/users\/13"}],"replies":[{"embeddable":true,"href":"https:\/\/stage.escowa.se\/en\/wp-json\/wp\/v2\/comments?post=8561"}],"version-history":[{"count":4,"href":"https:\/\/stage.escowa.se\/en\/wp-json\/wp\/v2\/pages\/8561\/revisions"}],"predecessor-version":[{"id":8873,"href":"https:\/\/stage.escowa.se\/en\/wp-json\/wp\/v2\/pages\/8561\/revisions\/8873"}],"wp:attachment":[{"href":"https:\/\/stage.escowa.se\/en\/wp-json\/wp\/v2\/media?parent=8561"}],"curies":[{"name":"wp","href":"https:\/\/api.w.org\/{rel}","templated":true}]}}